{"id":1276,"date":"2023-10-26T15:52:55","date_gmt":"2023-10-26T14:52:55","guid":{"rendered":"https:\/\/dykarnslabradoodle.se\/studs\/"},"modified":"2026-04-08T09:31:23","modified_gmt":"2026-04-08T08:31:23","slug":"studs","status":"publish","type":"page","link":"https:\/\/dykarnslabradoodle.se\/en\/studs\/","title":{"rendered":"Studs"},"content":{"rendered":"\t\t<div data-elementor-type=\"wp-page\" data-elementor-id=\"1276\" class=\"elementor elementor-1276 elementor-672\">\n\t\t\t\t\t\t<section class=\"elementor-section elementor-top-section elementor-element elementor-element-3e52584 elementor-section-boxed elementor-section-height-default elementor-section-height-default\" data-id=\"3e52584\" data-element_type=\"section\" data-e-type=\"section\">\n\t\t\t\t\t\t<div class=\"elementor-container elementor-column-gap-default\">\n\t\t\t\t\t<div class=\"elementor-column elementor-col-100 elementor-top-column elementor-element elementor-element-433419e\" data-id=\"433419e\" data-element_type=\"column\" data-e-type=\"column\">\n\t\t\t<div class=\"elementor-widget-wrap elementor-element-populated\">\n\t\t\t\t\t\t<div class=\"elementor-element elementor-element-192899a elementor-widget elementor-widget-text-editor\" data-id=\"192899a\" data-element_type=\"widget\" data-e-type=\"widget\" data-widget_type=\"text-editor.default\">\n\t\t\t\t<div class=\"elementor-widget-container\">\n\t\t\t\t\t\t\t\t\t<p>Below are some of the studs we use in our breeding program.<\/p>\t\t\t\t\t\t\t\t<\/div>\n\t\t\t\t<\/div>\n\t\t\t\t\t<\/div>\n\t\t<\/div>\n\t\t\t\t\t<\/div>\n\t\t<\/section>\n\t\t\t\t<section class=\"elementor-section elementor-top-section elementor-element elementor-element-392c27e elementor-section-boxed elementor-section-height-default elementor-section-height-default\" data-id=\"392c27e\" data-element_type=\"section\" data-e-type=\"section\">\n\t\t\t\t\t\t<div class=\"elementor-container elementor-column-gap-default\">\n\t\t\t\t\t<div class=\"elementor-column elementor-col-100 elementor-top-column elementor-element elementor-element-f67c3e0\" data-id=\"f67c3e0\" data-element_type=\"column\" data-e-type=\"column\">\n\t\t\t<div class=\"elementor-widget-wrap elementor-element-populated\">\n\t\t\t\t\t\t<div class=\"elementor-element elementor-element-20c7eed elementor-widget-divider--view-line elementor-widget elementor-widget-divider\" data-id=\"20c7eed\" data-element_type=\"widget\" data-e-type=\"widget\" data-widget_type=\"divider.default\">\n\t\t\t\t<div class=\"elementor-widget-container\">\n\t\t\t\t\t\t\t<div class=\"elementor-divider\">\n\t\t\t<span class=\"elementor-divider-separator\">\n\t\t\t\t\t\t<\/span>\n\t\t<\/div>\n\t\t\t\t\t\t<\/div>\n\t\t\t\t<\/div>\n\t\t\t\t\t<\/div>\n\t\t<\/div>\n\t\t\t\t\t<\/div>\n\t\t<\/section>\n\t\t\t\t<section class=\"elementor-section elementor-top-section elementor-element elementor-element-9ee3666 elementor-section-boxed elementor-section-height-default elementor-section-height-default\" data-id=\"9ee3666\" data-element_type=\"section\" data-e-type=\"section\">\n\t\t\t\t\t\t<div class=\"elementor-container elementor-column-gap-default\">\n\t\t\t\t\t<div class=\"elementor-column elementor-col-50 elementor-top-column elementor-element elementor-element-c101772\" data-id=\"c101772\" data-element_type=\"column\" data-e-type=\"column\">\n\t\t\t<div class=\"elementor-widget-wrap elementor-element-populated\">\n\t\t\t\t\t\t<div class=\"elementor-element elementor-element-d7478c0 elementor-widget elementor-widget-image\" data-id=\"d7478c0\" data-element_type=\"widget\" data-e-type=\"widget\" data-widget_type=\"image.default\">\n\t\t\t\t<div class=\"elementor-widget-container\">\n\t\t\t\t\t\t\t\t\t\t\t\t\t\t\t<img fetchpriority=\"high\" decoding=\"async\" width=\"750\" height=\"716\" src=\"https:\/\/dykarnslabradoodle.se\/wp-content\/uploads\/2023\/10\/Sno2.jpg\" class=\"attachment-large size-large wp-image-1283\" alt=\"\" srcset=\"https:\/\/dykarnslabradoodle.se\/wp-content\/uploads\/2023\/10\/Sno2.jpg 750w, https:\/\/dykarnslabradoodle.se\/wp-content\/uploads\/2023\/10\/Sno2-400x382.jpg 400w\" sizes=\"(max-width: 750px) 100vw, 750px\" \/>\t\t\t\t\t\t\t\t\t\t\t\t\t\t\t<\/div>\n\t\t\t\t<\/div>\n\t\t\t\t\t<\/div>\n\t\t<\/div>\n\t\t\t\t<div class=\"elementor-column elementor-col-50 elementor-top-column elementor-element elementor-element-b51bb2b\" data-id=\"b51bb2b\" data-element_type=\"column\" data-e-type=\"column\">\n\t\t\t<div class=\"elementor-widget-wrap elementor-element-populated\">\n\t\t\t\t\t\t<div class=\"elementor-element elementor-element-2731600 elementor-widget elementor-widget-text-editor\" data-id=\"2731600\" data-element_type=\"widget\" data-e-type=\"widget\" data-widget_type=\"text-editor.default\">\n\t\t\t\t<div class=\"elementor-widget-container\">\n\t\t\t\t\t\t\t\t\t<h2>Pomonadalen&#8217;s Labradoodle Sn\u00f6<\/h2><p>Sire: Pinelodge Finn Labradoodle (Nalle)<br>Dam: Pomonadalen Labradoodle Queen Amidala (Flinga)<\/p><p>Height: 44 cm<br>Weight: 13 kg<\/p>\t\t\t\t\t\t\t\t<\/div>\n\t\t\t\t<\/div>\n\t\t\t\t\t<\/div>\n\t\t<\/div>\n\t\t\t\t\t<\/div>\n\t\t<\/section>\n\t\t\t\t<section class=\"elementor-section elementor-top-section elementor-element elementor-element-0c9158e elementor-section-boxed elementor-section-height-default elementor-section-height-default\" data-id=\"0c9158e\" data-element_type=\"section\" data-e-type=\"section\">\n\t\t\t\t\t\t<div class=\"elementor-container elementor-column-gap-default\">\n\t\t\t\t\t<div class=\"elementor-column elementor-col-100 elementor-top-column elementor-element elementor-element-eaa12c5\" data-id=\"eaa12c5\" data-element_type=\"column\" data-e-type=\"column\">\n\t\t\t<div class=\"elementor-widget-wrap elementor-element-populated\">\n\t\t\t\t\t\t<div class=\"elementor-element elementor-element-17a1839 elementor-widget-divider--view-line elementor-widget elementor-widget-divider\" data-id=\"17a1839\" data-element_type=\"widget\" data-e-type=\"widget\" data-widget_type=\"divider.default\">\n\t\t\t\t<div class=\"elementor-widget-container\">\n\t\t\t\t\t\t\t<div class=\"elementor-divider\">\n\t\t\t<span class=\"elementor-divider-separator\">\n\t\t\t\t\t\t<\/span>\n\t\t<\/div>\n\t\t\t\t\t\t<\/div>\n\t\t\t\t<\/div>\n\t\t\t\t\t<\/div>\n\t\t<\/div>\n\t\t\t\t\t<\/div>\n\t\t<\/section>\n\t\t\t\t<section class=\"elementor-section elementor-top-section elementor-element elementor-element-0c07fa4 elementor-section-boxed elementor-section-height-default elementor-section-height-default\" data-id=\"0c07fa4\" data-element_type=\"section\" data-e-type=\"section\">\n\t\t\t\t\t\t<div class=\"elementor-container elementor-column-gap-default\">\n\t\t\t\t\t<div class=\"elementor-column elementor-col-50 elementor-top-column elementor-element elementor-element-26f61ea\" data-id=\"26f61ea\" data-element_type=\"column\" data-e-type=\"column\">\n\t\t\t<div class=\"elementor-widget-wrap elementor-element-populated\">\n\t\t\t\t\t\t<div class=\"elementor-element elementor-element-eeacc6c elementor-widget elementor-widget-image\" data-id=\"eeacc6c\" data-element_type=\"widget\" data-e-type=\"widget\" data-widget_type=\"image.default\">\n\t\t\t\t<div class=\"elementor-widget-container\">\n\t\t\t\t\t\t\t\t\t\t\t\t\t\t\t<img decoding=\"async\" width=\"781\" height=\"1024\" src=\"https:\/\/dykarnslabradoodle.se\/wp-content\/uploads\/2023\/10\/Totti-781x1024.jpg\" class=\"attachment-large size-large wp-image-1284\" alt=\"\" srcset=\"https:\/\/dykarnslabradoodle.se\/wp-content\/uploads\/2023\/10\/Totti-781x1024.jpg 781w, https:\/\/dykarnslabradoodle.se\/wp-content\/uploads\/2023\/10\/Totti-400x524.jpg 400w, https:\/\/dykarnslabradoodle.se\/wp-content\/uploads\/2023\/10\/Totti-768x1007.jpg 768w, https:\/\/dykarnslabradoodle.se\/wp-content\/uploads\/2023\/10\/Totti.jpg 1123w\" sizes=\"(max-width: 781px) 100vw, 781px\" \/>\t\t\t\t\t\t\t\t\t\t\t\t\t\t\t<\/div>\n\t\t\t\t<\/div>\n\t\t\t\t\t<\/div>\n\t\t<\/div>\n\t\t\t\t<div class=\"elementor-column elementor-col-50 elementor-top-column elementor-element elementor-element-09ec62c\" data-id=\"09ec62c\" data-element_type=\"column\" data-e-type=\"column\">\n\t\t\t<div class=\"elementor-widget-wrap elementor-element-populated\">\n\t\t\t\t\t\t<div class=\"elementor-element elementor-element-0028a0e elementor-widget elementor-widget-text-editor\" data-id=\"0028a0e\" data-element_type=\"widget\" data-e-type=\"widget\" data-widget_type=\"text-editor.default\">\n\t\t\t\t<div class=\"elementor-widget-container\">\n\t\t\t\t\t\t\t\t\t<h2>Artic&#8217;s Labradoodle Sorjus &#8220;Totti&#8221;<\/h2><p>Sire: Arctic Lin&#8217;s Labradoodle Guiness &#8220;Potus&#8221;<br>Dam: Artic Labradoodle Siv &#8220;Tiril&#8221;<\/p><p>Height: <br>Weight:  <\/p>\t\t\t\t\t\t\t\t<\/div>\n\t\t\t\t<\/div>\n\t\t\t\t\t<\/div>\n\t\t<\/div>\n\t\t\t\t\t<\/div>\n\t\t<\/section>\n\t\t\t\t<section class=\"elementor-section elementor-top-section elementor-element elementor-element-d7edc55 elementor-section-boxed elementor-section-height-default elementor-section-height-default\" data-id=\"d7edc55\" data-element_type=\"section\" data-e-type=\"section\">\n\t\t\t\t\t\t<div class=\"elementor-container elementor-column-gap-default\">\n\t\t\t\t\t<div class=\"elementor-column elementor-col-100 elementor-top-column elementor-element elementor-element-040784c\" data-id=\"040784c\" data-element_type=\"column\" data-e-type=\"column\">\n\t\t\t<div class=\"elementor-widget-wrap elementor-element-populated\">\n\t\t\t\t\t\t<div class=\"elementor-element elementor-element-141dff0 elementor-widget-divider--view-line elementor-widget elementor-widget-divider\" data-id=\"141dff0\" data-element_type=\"widget\" data-e-type=\"widget\" data-widget_type=\"divider.default\">\n\t\t\t\t<div class=\"elementor-widget-container\">\n\t\t\t\t\t\t\t<div class=\"elementor-divider\">\n\t\t\t<span class=\"elementor-divider-separator\">\n\t\t\t\t\t\t<\/span>\n\t\t<\/div>\n\t\t\t\t\t\t<\/div>\n\t\t\t\t<\/div>\n\t\t\t\t\t<\/div>\n\t\t<\/div>\n\t\t\t\t\t<\/div>\n\t\t<\/section>\n\t\t\t\t<section class=\"elementor-section elementor-top-section elementor-element elementor-element-846b8dd elementor-section-boxed elementor-section-height-default elementor-section-height-default\" data-id=\"846b8dd\" data-element_type=\"section\" data-e-type=\"section\">\n\t\t\t\t\t\t<div class=\"elementor-container elementor-column-gap-default\">\n\t\t\t\t\t<div class=\"elementor-column elementor-col-50 elementor-top-column elementor-element elementor-element-b84ae08\" data-id=\"b84ae08\" data-element_type=\"column\" data-e-type=\"column\">\n\t\t\t<div class=\"elementor-widget-wrap elementor-element-populated\">\n\t\t\t\t\t\t<div class=\"elementor-element elementor-element-59ef7fb elementor-widget elementor-widget-image\" data-id=\"59ef7fb\" data-element_type=\"widget\" data-e-type=\"widget\" data-widget_type=\"image.default\">\n\t\t\t\t<div class=\"elementor-widget-container\">\n\t\t\t\t\t\t\t\t\t\t\t\t\t\t\t<img decoding=\"async\" width=\"768\" height=\"1024\" src=\"https:\/\/dykarnslabradoodle.se\/wp-content\/uploads\/2023\/10\/Bangsi-2-768x1024.jpg\" class=\"attachment-large size-large wp-image-1277\" alt=\"\" srcset=\"https:\/\/dykarnslabradoodle.se\/wp-content\/uploads\/2023\/10\/Bangsi-2-768x1024.jpg 768w, https:\/\/dykarnslabradoodle.se\/wp-content\/uploads\/2023\/10\/Bangsi-2-400x533.jpg 400w, https:\/\/dykarnslabradoodle.se\/wp-content\/uploads\/2023\/10\/Bangsi-2-1152x1536.jpg 1152w, https:\/\/dykarnslabradoodle.se\/wp-content\/uploads\/2023\/10\/Bangsi-2-1536x2048.jpg 1536w, https:\/\/dykarnslabradoodle.se\/wp-content\/uploads\/2023\/10\/Bangsi-2-scaled.jpg 1920w\" sizes=\"(max-width: 768px) 100vw, 768px\" \/>\t\t\t\t\t\t\t\t\t\t\t\t\t\t\t<\/div>\n\t\t\t\t<\/div>\n\t\t\t\t\t<\/div>\n\t\t<\/div>\n\t\t\t\t<div class=\"elementor-column elementor-col-50 elementor-top-column elementor-element elementor-element-1b6fd64\" data-id=\"1b6fd64\" data-element_type=\"column\" data-e-type=\"column\">\n\t\t\t<div class=\"elementor-widget-wrap elementor-element-populated\">\n\t\t\t\t\t\t<div class=\"elementor-element elementor-element-6067468 elementor-widget elementor-widget-text-editor\" data-id=\"6067468\" data-element_type=\"widget\" data-e-type=\"widget\" data-widget_type=\"text-editor.default\">\n\t\t\t\t<div class=\"elementor-widget-container\">\n\t\t\t\t\t\t\t\t\t<h2>Pomonadalen&#8217;s Labradoodle Bangsi &#8220;Bruno&#8221;<\/h2><p>Sire: Labradoodles Playground Baerke<br>Dam: Doggie Doodles Labradoodle Beau<\/p><p>Height: 49 cm<br>Weight: 13 kg<\/p>\t\t\t\t\t\t\t\t<\/div>\n\t\t\t\t<\/div>\n\t\t\t\t\t<\/div>\n\t\t<\/div>\n\t\t\t\t\t<\/div>\n\t\t<\/section>\n\t\t\t\t<section class=\"elementor-section elementor-top-section elementor-element elementor-element-b12a70c elementor-section-boxed elementor-section-height-default elementor-section-height-default\" data-id=\"b12a70c\" data-element_type=\"section\" data-e-type=\"section\">\n\t\t\t\t\t\t<div class=\"elementor-container elementor-column-gap-default\">\n\t\t\t\t\t<div class=\"elementor-column elementor-col-100 elementor-top-column elementor-element elementor-element-091de01\" data-id=\"091de01\" data-element_type=\"column\" data-e-type=\"column\">\n\t\t\t<div class=\"elementor-widget-wrap elementor-element-populated\">\n\t\t\t\t\t\t<div class=\"elementor-element elementor-element-1abbc74 elementor-widget-divider--view-line elementor-widget elementor-widget-divider\" data-id=\"1abbc74\" data-element_type=\"widget\" data-e-type=\"widget\" data-widget_type=\"divider.default\">\n\t\t\t\t<div class=\"elementor-widget-container\">\n\t\t\t\t\t\t\t<div class=\"elementor-divider\">\n\t\t\t<span class=\"elementor-divider-separator\">\n\t\t\t\t\t\t<\/span>\n\t\t<\/div>\n\t\t\t\t\t\t<\/div>\n\t\t\t\t<\/div>\n\t\t\t\t\t<\/div>\n\t\t<\/div>\n\t\t\t\t\t<\/div>\n\t\t<\/section>\n\t\t\t\t<section class=\"elementor-section elementor-top-section elementor-element elementor-element-39832d9 elementor-section-boxed elementor-section-height-default elementor-section-height-default\" data-id=\"39832d9\" data-element_type=\"section\" data-e-type=\"section\">\n\t\t\t\t\t\t<div class=\"elementor-container elementor-column-gap-default\">\n\t\t\t\t\t<div class=\"elementor-column elementor-col-50 elementor-top-column elementor-element elementor-element-eee0488\" data-id=\"eee0488\" data-element_type=\"column\" data-e-type=\"column\">\n\t\t\t<div class=\"elementor-widget-wrap elementor-element-populated\">\n\t\t\t\t\t\t<div class=\"elementor-element elementor-element-82f492a elementor-widget elementor-widget-image\" data-id=\"82f492a\" data-element_type=\"widget\" data-e-type=\"widget\" data-widget_type=\"image.default\">\n\t\t\t\t<div class=\"elementor-widget-container\">\n\t\t\t\t\t\t\t\t\t\t\t\t\t\t\t<img loading=\"lazy\" decoding=\"async\" width=\"729\" height=\"1024\" src=\"https:\/\/dykarnslabradoodle.se\/wp-content\/uploads\/2025\/01\/Olof-729x1024.jpg\" class=\"attachment-large size-large wp-image-1282\" alt=\"\" srcset=\"https:\/\/dykarnslabradoodle.se\/wp-content\/uploads\/2025\/01\/Olof-729x1024.jpg 729w, https:\/\/dykarnslabradoodle.se\/wp-content\/uploads\/2025\/01\/Olof-400x562.jpg 400w, https:\/\/dykarnslabradoodle.se\/wp-content\/uploads\/2025\/01\/Olof-768x1079.jpg 768w, https:\/\/dykarnslabradoodle.se\/wp-content\/uploads\/2025\/01\/Olof.jpg 969w\" sizes=\"(max-width: 729px) 100vw, 729px\" \/>\t\t\t\t\t\t\t\t\t\t\t\t\t\t\t<\/div>\n\t\t\t\t<\/div>\n\t\t\t\t\t<\/div>\n\t\t<\/div>\n\t\t\t\t<div class=\"elementor-column elementor-col-50 elementor-top-column elementor-element elementor-element-9f3c91e\" data-id=\"9f3c91e\" data-element_type=\"column\" data-e-type=\"column\">\n\t\t\t<div class=\"elementor-widget-wrap elementor-element-populated\">\n\t\t\t\t\t\t<div class=\"elementor-element elementor-element-fc811dc elementor-widget elementor-widget-text-editor\" data-id=\"fc811dc\" data-element_type=\"widget\" data-e-type=\"widget\" data-widget_type=\"text-editor.default\">\n\t\t\t\t<div class=\"elementor-widget-container\">\n\t\t\t\t\t\t\t\t\t<h2>Dykarn&#8217;s Labradoodle Olof<\/h2><p>Sire: H\u00f6\u00f6ks Labradoodle Eros &#8220;Messi&#8221;<br>Dam: Pomonadalen&#8217;s Labradoodle Hj\u00e4rtat &#8220;Bella&#8221;<\/p><p>Height: 47 cm<br>Weight: 14 kg<\/p><div dir=\"auto\"> <\/div>\t\t\t\t\t\t\t\t<\/div>\n\t\t\t\t<\/div>\n\t\t\t\t\t<\/div>\n\t\t<\/div>\n\t\t\t\t\t<\/div>\n\t\t<\/section>\n\t\t\t\t<section class=\"elementor-section elementor-top-section elementor-element elementor-element-4c877e4 elementor-section-boxed elementor-section-height-default elementor-section-height-default\" data-id=\"4c877e4\" data-element_type=\"section\" data-e-type=\"section\">\n\t\t\t\t\t\t<div class=\"elementor-container elementor-column-gap-default\">\n\t\t\t\t\t<div class=\"elementor-column elementor-col-100 elementor-top-column elementor-element elementor-element-ddf68c8\" data-id=\"ddf68c8\" data-element_type=\"column\" data-e-type=\"column\">\n\t\t\t<div class=\"elementor-widget-wrap elementor-element-populated\">\n\t\t\t\t\t\t<div class=\"elementor-element elementor-element-0ea17d3 elementor-widget-divider--view-line elementor-widget elementor-widget-divider\" data-id=\"0ea17d3\" data-element_type=\"widget\" data-e-type=\"widget\" data-widget_type=\"divider.default\">\n\t\t\t\t<div class=\"elementor-widget-container\">\n\t\t\t\t\t\t\t<div class=\"elementor-divider\">\n\t\t\t<span class=\"elementor-divider-separator\">\n\t\t\t\t\t\t<\/span>\n\t\t<\/div>\n\t\t\t\t\t\t<\/div>\n\t\t\t\t<\/div>\n\t\t\t\t\t<\/div>\n\t\t<\/div>\n\t\t\t\t\t<\/div>\n\t\t<\/section>\n\t\t\t\t<\/div>\n\t\t","protected":false},"excerpt":{"rendered":"<p>Below are some of the studs we use in our breeding program. Pomonadalen&#8217;s Labradoodle Sn\u00f6 Sire: Pinelodge Finn Labradoodle (Nalle)Dam: Pomonadalen Labradoodle Queen Amidala (Flinga)&#8230;<\/p>\n<div class=\"more-link-wrapper\"><a class=\"more-link\" href=\"https:\/\/dykarnslabradoodle.se\/en\/studs\/\">Read more<span class=\"screen-reader-text\">Studs<\/span><\/a><\/div>\n","protected":false},"author":1,"featured_media":0,"parent":0,"menu_order":0,"comment_status":"closed","ping_status":"closed","template":"","meta":{"footnotes":""},"class_list":["post-1276","page","type-page","status-publish","hentry","entry"],"_links":{"self":[{"href":"https:\/\/dykarnslabradoodle.se\/en\/wp-json\/wp\/v2\/pages\/1276","targetHints":{"allow":["GET"]}}],"collection":[{"href":"https:\/\/dykarnslabradoodle.se\/en\/wp-json\/wp\/v2\/pages"}],"about":[{"href":"https:\/\/dykarnslabradoodle.se\/en\/wp-json\/wp\/v2\/types\/page"}],"author":[{"embeddable":true,"href":"https:\/\/dykarnslabradoodle.se\/en\/wp-json\/wp\/v2\/users\/1"}],"replies":[{"embeddable":true,"href":"https:\/\/dykarnslabradoodle.se\/en\/wp-json\/wp\/v2\/comments?post=1276"}],"version-history":[{"count":2,"href":"https:\/\/dykarnslabradoodle.se\/en\/wp-json\/wp\/v2\/pages\/1276\/revisions"}],"predecessor-version":[{"id":1286,"href":"https:\/\/dykarnslabradoodle.se\/en\/wp-json\/wp\/v2\/pages\/1276\/revisions\/1286"}],"wp:attachment":[{"href":"https:\/\/dykarnslabradoodle.se\/en\/wp-json\/wp\/v2\/media?parent=1276"}],"curies":[{"name":"wp","href":"https:\/\/api.w.org\/{rel}","templated":true}]}}